{"id":3055,"date":"2022-10-14T04:46:11","date_gmt":"2022-10-14T04:46:11","guid":{"rendered":"https:\/\/sps-suterm.mx\/?page_id=3055"},"modified":"2022-11-04T16:36:54","modified_gmt":"2022-11-04T16:36:54","slug":"aviso-de-privacidad-2","status":"publish","type":"page","link":"https:\/\/sps-suterm.mx\/?page_id=3055","title":{"rendered":"Aviso de privacidad"},"content":{"rendered":"\t\t<div data-elementor-type=\"wp-page\" data-elementor-id=\"3055\" class=\"elementor elementor-3055\">\n\t\t\t\t\t\t<section class=\"elementor-section elementor-top-section elementor-element elementor-element-be3c04e elementor-section-boxed elementor-section-height-default elementor-section-height-default\" data-id=\"be3c04e\" data-element_type=\"section\" data-e-type=\"section\">\n\t\t\t\t\t\t<div class=\"elementor-container elementor-column-gap-default\">\n\t\t\t\t\t<div class=\"elementor-column elementor-col-100 elementor-top-column elementor-element elementor-element-dc35f42\" data-id=\"dc35f42\" data-element_type=\"column\" data-e-type=\"column\">\n\t\t\t<div class=\"elementor-widget-wrap elementor-element-populated\">\n\t\t\t\t\t\t<div class=\"elementor-element elementor-element-76677a0 elementor-widget elementor-widget-text-editor\" data-id=\"76677a0\" data-element_type=\"widget\" data-e-type=\"widget\" data-widget_type=\"text-editor.default\">\n\t\t\t\t<div class=\"elementor-widget-container\">\n\t\t\t\t\t\t\t\t\t<p><strong>AVISO DE PRIVACIDAD DE DATOS<\/strong><br \/><strong>SINDICATO \u00daNICO DE TRABAJADORES ELECTRICISTAS DE LA REP\u00daBLICA MEXICANA (SUTERM)\u200b<\/strong><\/p>\t\t\t\t\t\t\t\t<\/div>\n\t\t\t\t<\/div>\n\t\t\t\t<div class=\"elementor-element elementor-element-ccf40d2 elementor-align-center elementor-widget elementor-widget-button\" data-id=\"ccf40d2\" data-element_type=\"widget\" data-e-type=\"widget\" data-widget_type=\"button.default\">\n\t\t\t\t<div class=\"elementor-widget-container\">\n\t\t\t\t\t\t\t\t\t<div class=\"elementor-button-wrapper\">\n\t\t\t\t\t<a class=\"elementor-button elementor-button-link elementor-size-sm\" href=\"https:\/\/www.suterm.mx\/es\/privacidad\" target=\"_blank\">\n\t\t\t\t\t\t<span class=\"elementor-button-content-wrapper\">\n\t\t\t\t\t\t\t\t\t<span class=\"elementor-button-text\">Consultar<\/span>\n\t\t\t\t\t<\/span>\n\t\t\t\t\t<\/a>\n\t\t\t\t<\/div>\n\t\t\t\t\t\t\t\t<\/div>\n\t\t\t\t<\/div>\n\t\t\t\t\t<\/div>\n\t\t<\/div>\n\t\t\t\t\t<\/div>\n\t\t<\/section>\n\t\t\t\t<section class=\"elementor-section elementor-top-section elementor-element elementor-element-1ae5007 elementor-section-boxed elementor-section-height-default elementor-section-height-default\" data-id=\"1ae5007\" data-element_type=\"section\" data-e-type=\"section\">\n\t\t\t\t\t\t<div class=\"elementor-container elementor-column-gap-default\">\n\t\t\t\t\t<div class=\"elementor-column elementor-col-100 elementor-top-column elementor-element elementor-element-2a976a1\" data-id=\"2a976a1\" data-element_type=\"column\" data-e-type=\"column\">\n\t\t\t<div class=\"elementor-widget-wrap elementor-element-populated\">\n\t\t\t\t\t\t<div class=\"elementor-element elementor-element-51b60be elementor-hidden-desktop elementor-hidden-tablet elementor-hidden-mobile elementor-widget elementor-widget-text-editor\" data-id=\"51b60be\" data-element_type=\"widget\" data-e-type=\"widget\" data-widget_type=\"text-editor.default\">\n\t\t\t\t<div class=\"elementor-widget-container\">\n\t\t\t\t\t\t\t\t\t<p><strong>AVISO DE PRIVACIDAD DE DATOS<\/strong><br \/><strong>SINDICATO \u00daNICO DE TRABAJADORES ELECTRICISTAS DE LA REP\u00daBLICA MEXICANA (SUTERM)\u200b<\/strong><\/p>\t\t\t\t\t\t\t\t<\/div>\n\t\t\t\t<\/div>\n\t\t\t\t<div class=\"elementor-element elementor-element-6ab5a62 elementor-hidden-desktop elementor-hidden-tablet elementor-hidden-mobile elementor-widget elementor-widget-text-editor\" data-id=\"6ab5a62\" data-element_type=\"widget\" data-e-type=\"widget\" data-widget_type=\"text-editor.default\">\n\t\t\t\t<div class=\"elementor-widget-container\">\n\t\t\t\t\t\t\t\t\t<p>El Aviso de Privacidad es un documento generado por la persona f\u00edsica (profesionista, m\u00e9dico, consultor, etc.) o moral (empresa o negocio de car\u00e1cter privado) responsable de la recopilaci\u00f3n y tratamiento adecuado de los datos personales, y debe de ser puesto a disposici\u00f3n del titular de los datos.<\/p><p>El Aviso de Privacidad puede ser f\u00edsico (papel), sonoro (grabaci\u00f3n telef\u00f3nica), o bien puede ser electr\u00f3nico (p\u00e1gina o sitio web).<\/p><p>Una caracter\u00edstica primordial del Aviso de Privacidad es que debe de ser sencillo, de f\u00e1cil comprensi\u00f3n para cualquier persona, y debe de incluir los siguientes elementos:<\/p><p>1.- Qui\u00e9n recopila los datos.<\/p><div>2.- Qu\u00e9 datos recopila (sensibles o no).<\/div><div>3.- Con qu\u00e9 finalidad los recopila.<\/div><div>4.- C\u00f3mo se limitara su uso o divulgaci\u00f3n.<\/div><div>5.- C\u00f3mo revocar su uso.<\/div><div>6.- Cu\u00e1l es el procedimiento que tiene el Titular para ejercer sus derechos de acceso, rectificaci\u00f3n, correcci\u00f3n y oposici\u00f3n (mejor conocidos como derechos ARCO).<\/div><div>7.- La forma en la que se comunican cambios al Aviso de Privacidad; y<\/div><p>8.- La aceptaci\u00f3n o negativa para autorizar la transferencia de datos a terceros.<\/p><p>Tomando en cuenta lo anteriormente expuesto, a continuaci\u00f3n se elabora el Aviso de Privacidad del Sindicato \u00danico de Trabajadores Electricistas de la Rep\u00fablica Mexicana (SUTERM). El presente Aviso de Privacidad tiene como objeto informarle sobre el tratamiento que se le dar\u00e1 a los datos personales que sean recabados, utilizados, almacenados y\/o transferidos por el Sindicato \u00danico de Trabajadores Electricistas de la Rep\u00fablica Mexicana (SUTERM), de conformidad con los t\u00e9rminos y condiciones que a continuaci\u00f3n se describen:<\/p><p><strong>IDENTIDAD Y DOMICILIO DEL RESPONSABLE<\/strong><\/p><p>En cumplimiento con lo establecido por la Ley Federal de Protecci\u00f3n de Datos Personales en Posesi\u00f3n de los Particulares, en sus abreviaturas LFPDPPP (Ley), el Sindicato \u00danico de Trabajadores Electricistas de la Rep\u00fablica Mexicana (SUTERM), con domicilio ubicado en calle R\u00edo Guadalquivir No 106, Col. Cuauht\u00e9moc, Delegaci\u00f3n Cuauht\u00e9moc, Ciudad de M\u00e9xico, C.P. 06500, hace de su conocimiento el presente aviso de privacidad, en el que en todo momento se buscar\u00e1 que el tratamiento de los datos sea leg\u00edtimo, controlado e informado, a efecto de garantizar la privacidad de los mismos.<\/p><p><strong>FINALIDAD DEL TRATAMIENTO DE SUS DATOS<\/strong><\/p><p>Los <u>Datos Personales<\/u> y\/o <u>Datos Personales sensibles<\/u> que proporcione cualquier persona f\u00edsica, incluyendo sin limitar a los socios que integran la organizaci\u00f3n sindical que nos ocupa, ll\u00e1mese trabajadores de base, as\u00ed como cualquier otro usuario, el Sindicato \u00danico de Trabajadores Electricistas de la Rep\u00fablica Mexicana (SUTERM) tendr\u00e1 el uso que en forma enunciativa pero no limitativa se describe a continuaci\u00f3n:<\/p><ul><li>Para compartir documentos personales de atenci\u00f3n m\u00e9dica y que est\u00e9n estrechamente relacionados con la gestor\u00eda de Previsi\u00f3n Social ante el Instituto Mexicano del Seguro Social y\/o Servicios M\u00e9dicos Privados.<\/li><li>Entendi\u00e9ndose que el uso de <u>Datos Personales<\/u>, ser\u00e1 tal como los define la propia legislaci\u00f3n como cualquier informaci\u00f3n concerniente a una persona f\u00edsica identificada o identificable y como <u>Datos Personales Sensibles<\/u>; aquellos datos personales que afecten a la esfera m\u00e1s \u00edntima de su titular, o cuya utilizaci\u00f3n indebida pueda dar origen a discriminaci\u00f3n o conlleve un riesgo grave para \u00e9ste, En particular, se consideran sensibles aquellos que puedan revelar aspectos como origen racial o \u00e9tnico, estado de salud presente y futura, informaci\u00f3n gen\u00e9tica, creencias religiosas, filos\u00f3ficas y morales, <strong>afiliaci\u00f3n sindical<\/strong>, opiniones pol\u00edticas y preferencia sexual.<\/li><\/ul><p><strong>SEGURIDAD, USO O DIVULGACI\u00d3N DE DATOS PERSONALES<\/strong><\/p><p>El Sindicato \u00danico de Trabajadores Electricistas de la Rep\u00fablica Mexicana (SUTERM), implementar\u00e1 las medidas de seguridad, tecnol\u00f3gicas, administrativas y f\u00edsicas, que se consideren necesarias para proteger sus datos personales y evitar su da\u00f1o, p\u00e9rdida, alteraci\u00f3n, destrucci\u00f3n, o bien el uso, acceso o tratamiento no autorizado.<\/p><p>\u00danicamente el personal autorizado, que ha cumplido y observado los correspondientes requisitos de confidencialidad, podr\u00e1 participar en el tratamiento de sus datos personales. El personal autorizado tiene prohibido permitir el acceso de personas no autorizadas y utilizar sus datos personales para fines distintos a los establecidos en el presente Aviso de Privacidad. La obligaci\u00f3n de confidencialidad de las personas que participan en el tratamiento de sus datos personales subsiste aun despu\u00e9s de terminar la relaci\u00f3n laboral con el Sindicato \u00danico de Trabajadores Electricistas de la Rep\u00fablica Mexicana (SUTERM).<\/p><p>El Sindicato \u00danico de Trabajadores Electricistas de la Rep\u00fablica Mexicana (SUTERM), cuenta con los medios f\u00edsicos, digitales y electr\u00f3nicos para proteger y limitar el uso o divulgaci\u00f3n de su informaci\u00f3n y no obtiene ni almacena informaci\u00f3n de ninguna especie mediante cookies, web beacons o similares durante el acceso al Sistema Digital (Sistema de Integral de Atenci\u00f3n de Previsi\u00f3n Social <strong>SIAPS<\/strong>) y no utiliza la informaci\u00f3n de los particulares para fines distintos a los relacionados con los fines para los cuales fue creado el SUTERM y\/o los arriba se\u00f1alados.<\/p><p><strong>DERECHOS QUE LE CORRESPONDEN<\/strong><\/p><p>Usted como Titular de Datos Personales podr\u00e1 ejercitar ante la Unidad de Transparencia del Sindicato \u00danico de Trabajadores Electricistas de la Rep\u00fablica Mexicana (SUTERM) los Derechos ARCO que de acuerdo a la Ley de la materia son: de acceso, rectificaci\u00f3n, cancelaci\u00f3n y oposici\u00f3n respecto al tratamiento de sus Datos Personales. Asimismo, podr\u00e1 revocar, en todo momento, el consentimiento que haya otorgado y que fuere necesario para el tratamiento de sus datos personales, siempre y cuando no haya relaci\u00f3n laboral o v\u00ednculo vigente con el Sindicato \u00danico de Trabajadores Electricistas de la Rep\u00fablica Mexicana (SUTERM).<\/p><p>En caso que desee ejercer sus derechos de acceso, rectificaci\u00f3n, cancelaci\u00f3n u oposici\u00f3n, estos los podr\u00e1n ejercer en todo momento dirigiendo su solicitud a la Unidad de Transparencia del SUTERM, utilizando cualquiera de los siguientes mecanismos:<\/p><ul><li>Correo Electr\u00f3nico: contacto@suterm.mx<\/li><li>Carta dirigida en atenci\u00f3n a la Titular del Sistema SIAPS al domicilio ubicado en R\u00edo Guadalquivir No 106, 4to piso, Col. Cuauht\u00e9moc, Delegaci\u00f3n Cuauht\u00e9moc, Ciudad de M\u00e9xico, C.P. 06500.<\/li><\/ul><p>La recepci\u00f3n de solicitudes podr\u00e1 realizarla de Lunes a Viernes, en un horario de 8:00 a 15:00 horas, excepto d\u00edas festivos. Para lo anterior, deber\u00e1 hacernos saber de manera fehaciente y detallada los datos personales espec\u00edficos a los que usted desea tener acceso o quiere que sean rectificados, cancelados o revisados, as\u00ed como cumplir con los requisitos que solicita la legislaci\u00f3n en la materia en su art\u00edculo 29, que a continuaci\u00f3n se enumeran:<\/p><ul><li>Nombre del Titular (due\u00f1o de los datos) y domicilio completo o cualquier otro medio para poder enviarle la respuesta.<\/li><li>Documentos que acrediten la identidad del Titular, o en su caso, la representaci\u00f3n legal de aquella persona que act\u00fae a nombre del Titular.<\/li><li>Descripci\u00f3n clara y precisa de los datos personales respecto de los que se busca ejercer alguno de los derechos antes mencionados (ARCO).<\/li><li>Cualquier otro elemento o documento que facilite la localizaci\u00f3n de los datos personales.<\/li><\/ul><p><strong>COMUNICACIONES Y TRANSFERENCIAS DE DATOS PERSONALES<\/strong><\/p><p>El Sindicato \u00danico de Trabajadores Electricistas de la Rep\u00fablica Mexicana (SUTERM), no ceder\u00e1 ni vender\u00e1 bajo ninguna circunstancia sus datos personales; en el supuesto caso que el SUTERM se viera en la necesidad de transferirlos, \u00e9ste deber\u00e1 invariablemente contar con su consentimiento previo. No obstante lo anterior, el Sindicato \u00danico de Trabajadores Electricistas de la Rep\u00fablica Mexicana (SUTERM) podr\u00e1 transferir sus datos personales sin consentimiento previo en aquellos casos en que la legislaci\u00f3n de la materia as\u00ed lo disponga.<\/p><p><strong>CAMBIOS AL AVISO DE PRIVACIDAD<\/strong><\/p><p>El Sindicato \u00danico de Trabajadores Electricistas de la Rep\u00fablica Mexicana (SUTERM) se reserva el derecho de enmendar o modificar el presente Aviso de Privacidad como estime conveniente, por ejemplo, para cumplir con cambios a la legislaci\u00f3n sobre protecci\u00f3n de datos o cumplir con disposiciones de su vida interna plasmados en sus Estatutos. El Sindicato \u00danico de Trabajadores Electricistas de la Rep\u00fablica Mexicana (SUTERM) pondr\u00e1 a su disposici\u00f3n el Aviso de Privacidad actualizando cuando se le hagan cambios al mismo, as\u00ed como cuando se requiera recabar su consentimiento. La versi\u00f3n actualizada del Aviso de Privacidad estar\u00e1 disponible en el sitio web <a href=\"http:\/\/suterm.servicesmx.com\/\">http:\/\/suterm.servicesmx.com\/<\/a><\/p><p><strong>SECRETARIA DE PREVISION CEN DEL SUTERM<\/strong><\/p><p>Usted podr\u00e1 dirigir cualquier pregunta o comentario respecto del presente Aviso de Privacidad o ejercitar los Derechos ARCO y aquellos que por Ley le corresponden, ante esta Secretar\u00eda de Previsi\u00f3n Social del SUTERM, al domicilio ubicado en R\u00edo Guadalquivir No 106, 4to piso, Col. Cuauht\u00e9moc, Delegaci\u00f3n Cuauht\u00e9moc, Ciudad de M\u00e9xico, C.P. 06500, o bien al correo electr\u00f3nico: secretaria.suterm@cfe.mx con copia a transparencia.suterm@cfe.gob.mx, o al tel\u00e9fono 55-5229-4400 extensiones 95080, en d\u00edas h\u00e1biles, en un horario de 08:00 a 15:00 horas.<\/p><p>Para saber m\u00e1s sobre la legislaci\u00f3n de la materia, le sugerimos consultar la p\u00e1gina del Instituto Nacional de Transparencia, Acceso a la Informaci\u00f3n y Protecci\u00f3n de Datos Personales (INAI), en la p\u00e1gina http:\/\/inicio.ifai.org.mx\/SitePages\/ifai.aspx<\/p><p><strong>NOMBRE DEL TRABAJADOR Y\/O FAMILIAR DIRECTO: <\/strong><\/p><div><strong>RPE:<\/strong><strong><br \/><\/strong><\/div><div><strong>AUTORIZO EL USO DE MI INFORMACION PARA TRAMITES ANTE EL IMSS<\/strong><\/div><p><strong>FIRMA:<\/strong><\/p>\t\t\t\t\t\t\t\t<\/div>\n\t\t\t\t<\/div>\n\t\t\t\t<div class=\"elementor-element elementor-element-518bae1 elementor-align-center elementor-hidden-desktop elementor-hidden-tablet elementor-hidden-mobile elementor-widget elementor-widget-button\" data-id=\"518bae1\" data-element_type=\"widget\" data-e-type=\"widget\" data-widget_type=\"button.default\">\n\t\t\t\t<div class=\"elementor-widget-container\">\n\t\t\t\t\t\t\t\t\t<div class=\"elementor-button-wrapper\">\n\t\t\t\t\t<a class=\"elementor-button elementor-button-link elementor-size-sm\" href=\"https:\/\/sps-suterm.mx\/wp-content\/uploads\/2022\/10\/Aviso-de-Privacidad-y-Derechos-ARCO.pdf\" target=\"_blank\">\n\t\t\t\t\t\t<span class=\"elementor-button-content-wrapper\">\n\t\t\t\t\t\t\t\t\t<span class=\"elementor-button-text\">Formato PDF<\/span>\n\t\t\t\t\t<\/span>\n\t\t\t\t\t<\/a>\n\t\t\t\t<\/div>\n\t\t\t\t\t\t\t\t<\/div>\n\t\t\t\t<\/div>\n\t\t\t\t\t<\/div>\n\t\t<\/div>\n\t\t\t\t\t<\/div>\n\t\t<\/section>\n\t\t\t\t<\/div>\n\t\t","protected":false},"excerpt":{"rendered":"<p>AVISO DE PRIVACIDAD DE DATOSSINDICATO \u00daNICO DE TRABAJADORES ELECTRICISTAS DE LA REP\u00daBLICA MEXICANA (SUTERM)\u200b Consultar AVISO DE PRIVACIDAD DE DATOSSINDICATO \u00daNICO DE TRABAJADORES ELECTRICISTAS DE LA REP\u00daBLICA MEXICANA (SUTERM)\u200b El Aviso de Privacidad es un documento generado por la persona f\u00edsica (profesionista, m\u00e9dico, consultor, etc.) o moral (empresa o negocio de car\u00e1cter privado) responsable de<\/p><\/div>\n<div class=\"blog-btn\"><a href=\"https:\/\/sps-suterm.mx\/?page_id=3055\" class=\"home-blog-btn\">Leer m\u00e1s<\/a><\/p>\n","protected":false},"author":2,"featured_media":0,"parent":0,"menu_order":0,"comment_status":"closed","ping_status":"closed","template":"","meta":{"pagelayer_contact_templates":[],"_pagelayer_content":"","_joinchat":[],"footnotes":""},"class_list":["post-3055","page","type-page","status-publish","hentry"],"_links":{"self":[{"href":"https:\/\/sps-suterm.mx\/index.php?rest_route=\/wp\/v2\/pages\/3055","targetHints":{"allow":["GET"]}}],"collection":[{"href":"https:\/\/sps-suterm.mx\/index.php?rest_route=\/wp\/v2\/pages"}],"about":[{"href":"https:\/\/sps-suterm.mx\/index.php?rest_route=\/wp\/v2\/types\/page"}],"author":[{"embeddable":true,"href":"https:\/\/sps-suterm.mx\/index.php?rest_route=\/wp\/v2\/users\/2"}],"replies":[{"embeddable":true,"href":"https:\/\/sps-suterm.mx\/index.php?rest_route=%2Fwp%2Fv2%2Fcomments&post=3055"}],"version-history":[{"count":49,"href":"https:\/\/sps-suterm.mx\/index.php?rest_route=\/wp\/v2\/pages\/3055\/revisions"}],"predecessor-version":[{"id":3179,"href":"https:\/\/sps-suterm.mx\/index.php?rest_route=\/wp\/v2\/pages\/3055\/revisions\/3179"}],"wp:attachment":[{"href":"https:\/\/sps-suterm.mx\/index.php?rest_route=%2Fwp%2Fv2%2Fmedia&parent=3055"}],"curies":[{"name":"wp","href":"https:\/\/api.w.org\/{rel}","templated":true}]}}